{"id":10165,"date":"2015-12-08T19:15:51","date_gmt":"2015-12-08T17:15:51","guid":{"rendered":"http:\/\/mondo.org.ee\/en\/toeta\/"},"modified":"2025-10-09T18:03:21","modified_gmt":"2025-10-09T15:03:21","slug":"donate","status":"publish","type":"page","link":"https:\/\/mondo.org.ee\/en\/donate\/","title":{"rendered":"Make a Donation"},"content":{"rendered":"<div class=\"wpb-content-wrapper\"><p>[vc_row css=&#8221;.vc_custom_1760022198856{margin-top: 0px !important;margin-bottom: 0px !important;padding-top: 0px !important;padding-bottom: 0px !important;}&#8221; el_class=&#8221;slider_row&#8221;][vc_column css=&#8221;.vc_custom_1567337705589{margin-top: 0px !important;margin-bottom: 0px !important;padding-top: 0px !important;padding-right: 0px !important;padding-bottom: 0px !important;padding-left: 0px !important;}&#8221;][mon_slider slider_id=&#8221;12&#8243;][vc_column_text css=&#8221;.vc_custom_1711906080244{padding-top: 30px !important;padding-left: 4em !important;}&#8221;]<\/p>\n<h4><strong>NGO Mondo donations account:<\/strong><\/h4>\n<h4>SEB Pank, EE491010220099409013, SWIFT: EEUHEE2X<\/h4>\n<p>85% of donations collected in Estonia go directly into the destination country.[\/vc_column_text][\/vc_column][\/vc_row][vc_row css=&#8221;.vc_custom_1567337729151{margin-top: 0px !important;padding-top: 0px !important;padding-bottom: 0px !important;}&#8221;][vc_column width=&#8221;1\/2&#8243; css=&#8221;.vc_custom_1473424596386{padding-top: 0px !important;}&#8221;]<div class=\"row three-up\" data-equalizer><div class=\"small-12 medium-6 columns no-padding\"><div class=\"inner white\" data-equalizer-watch>[vc_column_text]<\/p>\n<h3 style=\"text-align: center;\"><\/h3>\n<h3 style=\"text-align: center;\"><a class=\"button yellow\" href=\"https:\/\/mondo.org.ee\/en\/donate\/crisis-fund\/\">CRISIS FUND<\/a><\/h3>\n<p style=\"text-align: center;\">Support Ukraine and Syrian refugees in Jordan, Lebanon, and Turkey.<\/p>\n<p>[\/vc_column_text]<\/div><\/div><div class=\"small-12 medium-6 columns no-padding\"><div class=\"inner white\" data-equalizer-watch>[vc_column_text]<\/p>\n<h3 style=\"text-align: center;\"><\/h3>\n<h3 style=\"text-align: center;\"><a class=\"button yellow\" href=\"https:\/\/mondo.org.ee\/en\/donate\/brilliant-fund\/\">BRILLIANT FUND<\/a><\/h3>\n<p style=\"text-align: center;\">Support excellent students and schools in Ghana, Kenya, Burma, Turkey, and Uganda.<\/p>\n<p>[\/vc_column_text]<\/div><\/div><\/div><div class=\"row three-up\" data-equalizer><div class=\"small-12 medium-6 columns no-padding\"><div class=\"inner white\" data-equalizer-watch>[vc_column_text]<\/p>\n<h3 style=\"text-align: center;\"><\/h3>\n<h3 style=\"text-align: center;\"><a class=\"button yellow\" href=\"https:\/\/mondo.org.ee\/en\/donate\/womens-fund\/\">WOMEN&#8217;S FUND<\/a><\/h3>\n<p style=\"text-align: center;\">Support entrepreneurship and welfare of women in vulnerable conditions in Ghana, Uganda, Kenya, and Georgia.<\/p>\n<p>[\/vc_column_text]<\/div><\/div><div class=\"small-12 medium-6 columns no-padding\"><div class=\"inner white\" data-equalizer-watch>[vc_column_text]<\/p>\n<h3 style=\"text-align: center;\"><\/h3>\n<h3 style=\"text-align: center;\"><a class=\"button yellow\" href=\"https:\/\/mondo.org.ee\/en\/donate\/support-mondo\/\">SUPPORT MONDO<\/a><\/h3>\n<p style=\"text-align: center;\">Support Mondo\u2019s actions in general.<\/p>\n<p>[\/vc_column_text]<\/div><\/div><\/div>[\/vc_column][vc_column width=&#8221;1\/2&#8243;][vc_column_text css=&#8221;.vc_custom_1657653122774{margin-right: 70px !important;margin-left: 70px !important;}&#8221;]<\/p>\n<h1 style=\"text-align: center;\"><a href=\"https:\/\/mondo.org.ee\/en\/for-enterprises\/\">FOR ENTERPRISES<\/a><\/h1>\n<p style=\"text-align: center;\"><span style=\"font-weight: 400;\">We are happy to cooperate with enterprises that wish to give back to the society and also make the world a more equal place. <a href=\"https:\/\/mondo.org.ee\/en\/for-enterprises\/\">Here you can see some examples of the projects that enterprises can contribute to.<\/a> The prerequisite of the cooperation is that we are not expected to increase the profit\/sales volumes, and that the enterprise\u2019s products and services are compliant with human rights and environmental requirements.<br \/>\n<\/span><\/p>\n<p>&nbsp;<\/p>\n<p style=\"text-align: center;\"><span style=\"font-weight: 400;\">If you find an appropriate idea here, write to us at <a href=\"mailto:mondo%40mondo%2Eorg%2Eee\">mondo&#64;mondo&#46;org&#46;ee<\/a>&#46; <\/span><\/p>\n<p>[\/vc_column_text][\/vc_column][\/vc_row][vc_row][vc_column width=&#8221;1\/2&#8243;][vc_column_text]<\/p>\n<h2>CHARITY GIFTS<\/h2>\n<p>[\/vc_column_text][\/vc_column][vc_column width=&#8221;1\/2&#8243;][vc_column_text]<\/p>\n<p style=\"text-align: right;\"><a class=\"button\" href=\"https:\/\/mondo.org.ee\/en\/shop\/charitygifts\/\">VIEW ALL<\/a><\/p>\n<p>[\/vc_column_text][\/vc_column][vc_column css=&#8221;.vc_custom_1714749304943{margin-top: 0px !important;margin-bottom: 0px !important;padding-top: 0px !important;padding-bottom: 0px !important;}&#8221;]<div class=\"woocommerce columns-4 \"><div class=\"row shop-items\" data-equalizer><div class=\"first small-6 medium-3 columns item post-10852 product type-product status-publish has-post-thumbnail product_cat-charity-gifts  instock virtual purchasable product-type-simple\" data-equalizer-watch>\n\t<div class=\"hover-buttons\">\n\t\t<a class=\"button\" href=\"https:\/\/mondo.org.ee\/en\/pood\/goat\/\">View item<\/a>\n\t\t\t\t\t\t\t  <\/a><a rel=\"nofollow\" href=\"\/en\/wp-json\/wp\/v2\/pages\/10165?add-to-cart=10852\" data-quantity=\"1\" data-product_id=\"10852\" data-product_sku=\"kits\" class=\"button product_type_simple add_to_cart_button ajax_add_to_cart\">Add to cart<\/a>            <\/div>\n\t<a href=\"https:\/\/mondo.org.ee\/en\/pood\/goat\/\">\n\t\t<div class=\"loop_img\">\n\t\t\t<img loading=\"lazy\" decoding=\"async\" width=\"300\" height=\"300\" src=\"https:\/\/mondo.org.ee\/wp-content\/uploads\/2016\/03\/kits-1-300x300.png\" class=\"attachment-woocommerce_thumbnail size-woocommerce_thumbnail\" alt=\"Goat\" srcset=\"https:\/\/mondo.org.ee\/wp-content\/uploads\/2016\/03\/kits-1-300x300.png 300w, https:\/\/mondo.org.ee\/wp-content\/uploads\/2016\/03\/kits-1-150x150.png 150w, https:\/\/mondo.org.ee\/wp-content\/uploads\/2016\/03\/kits-1-400x400.png 400w, https:\/\/mondo.org.ee\/wp-content\/uploads\/2016\/03\/kits-1-210x210.png 210w, https:\/\/mondo.org.ee\/wp-content\/uploads\/2016\/03\/kits-1-260x260.png 260w, https:\/\/mondo.org.ee\/wp-content\/uploads\/2016\/03\/kits-1-100x100.png 100w\" sizes=\"auto, (max-width: 300px) 100vw, 300px\" \/>\t\t<\/div>\n<div class=\"loop_btm\">\n\t<p class=\"loop_title\">Goat<\/p>\n\t\n\t<span class=\"price\"><span class=\"woocommerce-Price-amount amount\"><bdi>35,00<span class=\"woocommerce-Price-currencySymbol\">&euro;<\/span><\/bdi><\/span><\/span>\n<\/div>\n<\/a>\n<\/div>\n<div class=\"small-6 medium-3 columns item post-41556 product type-product status-publish has-post-thumbnail product_cat-charity-gifts last instock virtual purchasable product-type-simple\" data-equalizer-watch>\n\t<div class=\"hover-buttons\">\n\t\t<a class=\"button\" href=\"https:\/\/mondo.org.ee\/en\/pood\/heateokingitus-gruusia-naistele\/\">View item<\/a>\n\t\t\t\t\t\t\t  <\/a><a rel=\"nofollow\" href=\"\/en\/wp-json\/wp\/v2\/pages\/10165?add-to-cart=41556\" data-quantity=\"1\" data-product_id=\"41556\" data-product_sku=\"gruusiapadi\" class=\"button product_type_simple add_to_cart_button ajax_add_to_cart\">Add to cart<\/a>            <\/div>\n\t<a href=\"https:\/\/mondo.org.ee\/en\/pood\/heateokingitus-gruusia-naistele\/\">\n\t\t<div class=\"loop_img\">\n\t\t\t<img loading=\"lazy\" decoding=\"async\" width=\"300\" height=\"300\" src=\"https:\/\/mondo.org.ee\/wp-content\/uploads\/2016\/03\/naised-300x300.png\" class=\"attachment-woocommerce_thumbnail size-woocommerce_thumbnail\" alt=\"Legal consultancy for women in Georgia\" srcset=\"https:\/\/mondo.org.ee\/wp-content\/uploads\/2016\/03\/naised-300x300.png 300w, https:\/\/mondo.org.ee\/wp-content\/uploads\/2016\/03\/naised-150x150.png 150w, https:\/\/mondo.org.ee\/wp-content\/uploads\/2016\/03\/naised-400x400.png 400w, https:\/\/mondo.org.ee\/wp-content\/uploads\/2016\/03\/naised-210x210.png 210w, https:\/\/mondo.org.ee\/wp-content\/uploads\/2016\/03\/naised-260x260.png 260w, https:\/\/mondo.org.ee\/wp-content\/uploads\/2016\/03\/naised-100x100.png 100w\" sizes=\"auto, (max-width: 300px) 100vw, 300px\" \/>\t\t<\/div>\n<div class=\"loop_btm\">\n\t<p class=\"loop_title\">Legal consultancy for women in Georgia<\/p>\n\t\n\t<span class=\"price\"><span class=\"woocommerce-Price-amount amount\"><bdi>30,00<span class=\"woocommerce-Price-currencySymbol\">&euro;<\/span><\/bdi><\/span><\/span>\n<\/div>\n<\/a>\n<\/div>\n<div class=\"first small-6 medium-3 columns item post-41454 product type-product status-publish has-post-thumbnail product_cat-charity-gifts  instock virtual purchasable product-type-simple\" data-equalizer-watch>\n\t<div class=\"hover-buttons\">\n\t\t<a class=\"button\" href=\"https:\/\/mondo.org.ee\/en\/pood\/viljapuu\/\">View item<\/a>\n\t\t\t\t\t\t\t  <\/a><a rel=\"nofollow\" href=\"\/en\/wp-json\/wp\/v2\/pages\/10165?add-to-cart=41454\" data-quantity=\"1\" data-product_id=\"41454\" data-product_sku=\"viljapuu\" class=\"button product_type_simple add_to_cart_button ajax_add_to_cart\">Add to cart<\/a>            <\/div>\n\t<a href=\"https:\/\/mondo.org.ee\/en\/pood\/viljapuu\/\">\n\t\t<div class=\"loop_img\">\n\t\t\t<img loading=\"lazy\" decoding=\"async\" width=\"300\" height=\"300\" src=\"https:\/\/mondo.org.ee\/wp-content\/uploads\/2016\/03\/puu-300x300.png\" class=\"attachment-woocommerce_thumbnail size-woocommerce_thumbnail\" alt=\"A tree\" srcset=\"https:\/\/mondo.org.ee\/wp-content\/uploads\/2016\/03\/puu-300x300.png 300w, https:\/\/mondo.org.ee\/wp-content\/uploads\/2016\/03\/puu-150x150.png 150w, https:\/\/mondo.org.ee\/wp-content\/uploads\/2016\/03\/puu-400x400.png 400w, https:\/\/mondo.org.ee\/wp-content\/uploads\/2016\/03\/puu-210x210.png 210w, https:\/\/mondo.org.ee\/wp-content\/uploads\/2016\/03\/puu-260x260.png 260w, https:\/\/mondo.org.ee\/wp-content\/uploads\/2016\/03\/puu-100x100.png 100w\" sizes=\"auto, (max-width: 300px) 100vw, 300px\" \/>\t\t<\/div>\n<div class=\"loop_btm\">\n\t<p class=\"loop_title\">A tree<\/p>\n\t\n\t<span class=\"price\"><span class=\"woocommerce-Price-amount amount\"><bdi>10,00<span class=\"woocommerce-Price-currencySymbol\">&euro;<\/span><\/bdi><\/span><\/span>\n<\/div>\n<\/a>\n<\/div>\n<div class=\"small-6 medium-3 columns item post-22049 product type-product status-publish has-post-thumbnail product_cat-charity-gifts product_cat-heateokingitused-haridusele-en last instock virtual purchasable product-type-simple\" data-equalizer-watch>\n\t<div class=\"hover-buttons\">\n\t\t<a class=\"button\" href=\"https:\/\/mondo.org.ee\/en\/pood\/laptop\/\">View item<\/a>\n\t\t\t\t\t\t\t  <\/a><a rel=\"nofollow\" href=\"\/en\/wp-json\/wp\/v2\/pages\/10165?add-to-cart=22049\" data-quantity=\"1\" data-product_id=\"22049\" data-product_sku=\"ghanaarvuti\" class=\"button product_type_simple add_to_cart_button ajax_add_to_cart\">Add to cart<\/a>            <\/div>\n\t<a href=\"https:\/\/mondo.org.ee\/en\/pood\/laptop\/\">\n\t\t<div class=\"loop_img\">\n\t\t\t<img loading=\"lazy\" decoding=\"async\" width=\"300\" height=\"300\" src=\"https:\/\/mondo.org.ee\/wp-content\/uploads\/2016\/03\/internet-300x300.png\" class=\"attachment-woocommerce_thumbnail size-woocommerce_thumbnail\" alt=\"One day of internet\" srcset=\"https:\/\/mondo.org.ee\/wp-content\/uploads\/2016\/03\/internet-300x300.png 300w, https:\/\/mondo.org.ee\/wp-content\/uploads\/2016\/03\/internet-150x150.png 150w, https:\/\/mondo.org.ee\/wp-content\/uploads\/2016\/03\/internet-400x400.png 400w, https:\/\/mondo.org.ee\/wp-content\/uploads\/2016\/03\/internet-210x210.png 210w, https:\/\/mondo.org.ee\/wp-content\/uploads\/2016\/03\/internet-260x260.png 260w, https:\/\/mondo.org.ee\/wp-content\/uploads\/2016\/03\/internet-100x100.png 100w\" sizes=\"auto, (max-width: 300px) 100vw, 300px\" \/>\t\t<\/div>\n<div class=\"loop_btm\">\n\t<p class=\"loop_title\">One day of internet<\/p>\n\t\n\t<span class=\"price\"><span class=\"woocommerce-Price-amount amount\"><bdi>5,00<span class=\"woocommerce-Price-currencySymbol\">&euro;<\/span><\/bdi><\/span><\/span>\n<\/div>\n<\/a>\n<\/div>\n<\/div><\/div>[\/vc_column][\/vc_row][vc_row disable_element=&#8221;yes&#8221;][vc_column width=&#8221;1\/3&#8243;][vc_column_text]<\/p>\n<h4>Anneta mTaskuga<\/h4>\n<p>[\/vc_column_text][vc_column_text css=&#8221;.vc_custom_1584475659669{margin-top: 0px !important;border-top-width: 0px !important;padding-top: 0px !important;}&#8221;]mTasku pakub sulle mugavat v\u00f5imalust teha annetusi vaid paari klikiga ning internetipanka sisenemata v\u00f5i sularaha omamata. Annetamiseks lisa oma mTaskusse Mondo kaart, ava annetuskaart ja vajuta nuppu \u201eAnneta\u201c v\u00f5i ava \u00e4pis QR-skanner ja suuna telefoni kaamera mTasku QR-m\u00e4rgisele. Seej\u00e4rel vali sobiv maksekaart ja annetatav summa ning kinnita annetus, vajutades nupule \u201eMaksa\u201c. Laadi mTasku rakendus alla siit:<\/p>\n<ul style=\"margin-top: 1em;\">\n<li><a href=\"https:\/\/apps.apple.com\/us\/app\/mtasku\/id983519929\" target=\"_blank\" rel=\"noopener noreferrer\">Appstore (iOS)<\/a><\/li>\n<li><a href=\"https:\/\/play.google.com\/store\/apps\/details?id=ee.telekom.k6mm.app\" target=\"_blank\" rel=\"noopener noreferrer\">Google Play (Android)<\/a><\/li>\n<\/ul>\n<p>[\/vc_column_text][\/vc_column][vc_column width=&#8221;1\/3&#8243;][vc_column_text]<\/p>\n<h4 style=\"text-align: center;\">Ava mTasku ja skaneeri QR-kood<\/h4>\n<p>[\/vc_column_text][vc_single_image image=&#8221;33622&#8243; img_size=&#8221;full&#8221; add_caption=&#8221;yes&#8221; alignment=&#8221;center&#8221; css=&#8221;.vc_custom_1584475664928{margin-top: 0px !important;border-top-width: 0px !important;padding-top: 0px !important;}&#8221;][\/vc_column][vc_column width=&#8221;1\/3&#8243;][vc_column_text][\/vc_column_text][vc_single_image image=&#8221;33620&#8243; alignment=&#8221;center&#8221; css=&#8221;.vc_custom_1584475727770{margin-top: 0px !important;border-top-width: 0px !important;padding-top: 0px !important;}&#8221;][\/vc_column][\/vc_row][vc_row disable_element=&#8221;yes&#8221;][vc_column width=&#8221;2\/3&#8243;][vc_column_text]<\/p>\n<h4 style=\"text-align: left;\"><strong>Mondo annetuspoliitika<\/strong><\/h4>\n<ul style=\"text-align: left;\">\n<li>95% Eestis kogutud toetustest suuname otse sihtriiki. 5% kulub annetuste haldamise administratiivkulude katteks Eestis (nt \u00fclekande tasud).<\/li>\n<li>Tunneme h\u00e4sti kogukondade probleeme ja vajadusi; meie t\u00f6\u00f6 on kvaliteetne ja pikaajalise m\u00f5juga.<\/li>\n<li>Mondo ei tegele asjade kogumise ja saatmisega sihtriikidesse, va erandjuhtudel.<\/li>\n<li>Mondo kuulub Vabariigi Valitsuse tulumaksusoodustusega \u00fchenduste nimekirja, seega on eraisikute poolt tehtud annetuste pealt v\u00f5imalik saada tagasi tulumaks. Juriidilistele isikutele on MT\u00dc Mondole tehtavad annetused samuti maksuvabad. M\u00f5lemale kehtivad maksuvabade annetuste osas Tulumaksuseadusega seatud piirangud.<\/li>\n<\/ul>\n<p style=\"text-align: left;\">MT\u00dc Mondo on liitunud\u00a0<a href=\"http:\/\/www.ngo.ee\/annetamine\">annetuste kogumise hea tavaga<\/a>\u00a0ja <a href=\"https:\/\/www.armastanaidata.ee\/annetan\/tugev-uhiskond\/mondo-kriisifond-ulata-abikasi-sojapogenikele-ukrainast-jeemenini\">&#8220;Ma armastan aidata&#8221;<\/a> annetuskeskkonnaga.<\/p>\n<p style=\"text-align: left;\">Mondo projekte on v\u00f5imalik toetada ka \u00fclekandega MT\u00dc Mondoannetuskontole SEB pangas: IBAN EE491010220099409013.<\/p>\n<p style=\"text-align: left;\"><strong>Suured teod algavad v\u00e4ikestest sammudest!<\/strong><\/p>\n<p>[\/vc_column_text][\/vc_column][vc_column width=&#8221;1\/3&#8243;][vc_single_image image=&#8221;31620&#8243; alignment=&#8221;center&#8221;][vc_single_image image=&#8221;31614&#8243; alignment=&#8221;center&#8221; onclick=&#8221;custom_link&#8221; css=&#8221;.vc_custom_1559550648264{padding-top: 5px !important;}&#8221; link=&#8221;https:\/\/www.armastanaidata.ee\/annetan\/tugev-uhiskond\/mondo-kriisifond-ulata-abikasi-sojapogenikele-ukrainast-jeemenini&#8221;][\/vc_column][\/vc_row]<\/p>\n<\/div>","protected":false},"excerpt":{"rendered":"<p>[vc_row css=&#8221;.vc_custom_1760022198856{margin-top: 0px !important;margin-bottom: 0px !important;padding-top: 0px !important;padding-bottom: 0px !important;}&#8221; el_class=&#8221;slider_row&#8221;][vc_column css=&#8221;.vc_custom_1567337705589{margin-top: 0px !important;margin-bottom: 0px !important;padding-top: 0px !important;padding-right: 0px !important;padding-bottom: 0px !important;padding-left: 0px !important;}&#8221;][mon_slider slider_id=&#8221;12&#8243;][vc_column_text css=&#8221;.vc_custom_1711906080244{padding-top: 30px !important;padding-left: 4em !important;}&#8221;] NGO Mondo donations account: SEB Pank, EE491010220099409013, SWIFT: EEUHEE2X 85% of donations collected in Estonia go directly into the destination country.[\/vc_column_text][\/vc_column][\/vc_row][vc_row css=&#8221;.vc_custom_1567337729151{margin-top: 0px !important;padding-top: 0px [&hellip;]<\/p>\n","protected":false},"author":17,"featured_media":46826,"parent":0,"menu_order":0,"comment_status":"closed","ping_status":"closed","template":"","meta":{"footnotes":""},"class_list":["post-10165","page","type-page","status-publish","has-post-thumbnail","hentry"],"_links":{"self":[{"href":"https:\/\/mondo.org.ee\/en\/wp-json\/wp\/v2\/pages\/10165","targetHints":{"allow":["GET"]}}],"collection":[{"href":"https:\/\/mondo.org.ee\/en\/wp-json\/wp\/v2\/pages"}],"about":[{"href":"https:\/\/mondo.org.ee\/en\/wp-json\/wp\/v2\/types\/page"}],"author":[{"embeddable":true,"href":"https:\/\/mondo.org.ee\/en\/wp-json\/wp\/v2\/users\/17"}],"replies":[{"embeddable":true,"href":"https:\/\/mondo.org.ee\/en\/wp-json\/wp\/v2\/comments?post=10165"}],"version-history":[{"count":5,"href":"https:\/\/mondo.org.ee\/en\/wp-json\/wp\/v2\/pages\/10165\/revisions"}],"predecessor-version":[{"id":46007,"href":"https:\/\/mondo.org.ee\/en\/wp-json\/wp\/v2\/pages\/10165\/revisions\/46007"}],"wp:featuredmedia":[{"embeddable":true,"href":"https:\/\/mondo.org.ee\/en\/wp-json\/wp\/v2\/media\/46826"}],"wp:attachment":[{"href":"https:\/\/mondo.org.ee\/en\/wp-json\/wp\/v2\/media?parent=10165"}],"curies":[{"name":"wp","href":"https:\/\/api.w.org\/{rel}","templated":true}]}}