{"id":10169,"date":"2016-05-24T11:34:31","date_gmt":"2016-05-24T09:34:31","guid":{"rendered":"http:\/\/mondo.org.ee\/en\/about-us\/koosolekuruum-telliskivi-loomelinnakus\/"},"modified":"2026-02-05T11:33:09","modified_gmt":"2026-02-05T09:33:09","slug":"meeting-room","status":"publish","type":"page","link":"https:\/\/mondo.org.ee\/en\/meeting-room\/","title":{"rendered":"Renting the Seminar Room"},"content":{"rendered":"<div class=\"wpb-content-wrapper\"><p>[vc_row css=&#8221;.vc_custom_1450206789253{margin-bottom: 0px !important;background-color: #ffffff !important;}&#8221; el_class=&#8221;intro block&#8221;][vc_column][vc_column_text]<\/p>\n<h1>RENTING THE SEMINAR ROOM<\/h1>\n<p>[\/vc_column_text][\/vc_column][\/vc_row][vc_row css=&#8221;.vc_custom_1450271763140{margin-top: 0px !important;padding-bottom: 30px !important;background-color: #ffffff !important;}&#8221; el_class=&#8221;white text segment-intro&#8221;][vc_column width=&#8221;1\/2&#8243; css=&#8221;.vc_custom_1450228238677{padding-bottom: 1rem !important;}&#8221;][vc_column_text css=&#8221;&#8221;]<\/p>\n<h4>The seminar room located at Mondo Global Education Centre in <a href=\"https:\/\/www&#46;google&#46;com\/maps\/place\/Mondo+MT%C3%9C\/&#64;59&#46;4382363,24&#46;7270284,17z\/data=!3m1!4b1!4m5!3m4!1s0x4692937dc2e69e41:0x5a8685701881d8a0!8m2!3d59&#46;4382363!4d24&#46;7292171\">Telliskivi Creative City<\/a> can be rented for meetings, trainings, and consultations at an affordable cost.<\/h4>\n<p>The size of <strong>the seminar room is 50 m2<\/strong>. As an auditorium, it houses around <strong>25 people<\/strong> (maximum 35). For consultations and meetings, we offer a round table that fits 12 people. The seminar room is suitable for meetings, seminars and trainings.<\/p>\n<p>The room has a <strong>video projector<\/strong>, a <strong>paper presentation board<\/strong>, <strong>speakers<\/strong>, and <em><strong>wi-fi<\/strong><\/em>. There is also a DVD\/<em>blu-ray<\/em> player, and an additional remote control for changing slides. The lightning in the room can be regulated with blackout shades. This is where Mondo Global Education Centre operates on a daily basis. All guests can take a look at our library, and we also lend our books out for customers. Similarly, guests can browse and buy handmade goods made by Mondo\u2019s partner communities.<\/p>\n<h4>Coffee Breaks<\/h4>\n<p>The seminar room has a kitchenette, which is convenient for preparing a coffee break. In case you choose to prepare a coffee break, we kindly ask you to check if the coffee, tea, or chocolate you serve have <strong>fair trade certificates<\/strong>.<\/p>\n<p>For a small extra charge, we offer an opportunity to use the fair trade coffee and tea we have here at the centre. Upon agreement we also offer fair trade chocolate. Ask for an offer!<\/p>\n<h4 style=\"text-align: left\"><b>Seminar room rental rates<\/b><\/h4>\n<p>45\u20ac per hour or 195\u20ac per day. NB! Rooms can be rented after office hours, or, by agreement, at a special rate during working hours.<\/p>\n<p>10% discount for residents of the Telliskivi Creative City.<\/p>\n<p>T\u00fchistades broneeringu v\u00e4hem kui kolm t\u00f6\u00f6p\u00e4eva enne planeeritavat \u00fcritust tuleb tasuda 30% arve kogusummast.<\/p>\n<h4 style=\"text-align: left\"><strong>Contact us<\/strong><\/h4>\n<p style=\"text-align: left\">rent&#64;mondo&#46;org&#46;ee<br \/>\n+372 677 5445<\/p>\n<p>[\/vc_column_text][\/vc_column][vc_column width=&#8221;1\/2&#8243;][vc_gallery type=&#8221;image_grid&#8221; images=&#8221;41325,41322,41328,41331&#8243; img_size=&#8221;large&#8221;][mon_embed_map embed_code=&#8221;JTNDaWZyYW1lJTIwc3JjJTNEJTIyaHR0cHMlM0ElMkYlMkZ3d3cuZ29vZ2xlLmNvbSUyRm1hcHMlMkZlbWJlZCUzRnBiJTNEJTIxMW0xOCUyMTFtMTIlMjExbTMlMjExZDIwMjguNjkwNTAxNDQ3NDMxOSUyMTJkMjQuNzI3MDI4NDE2MDc2NzM1JTIxM2Q1OS40MzgyMzYyODE2OTcwNyUyMTJtMyUyMTFmMCUyMTJmMCUyMTNmMCUyMTNtMiUyMTFpMTAyNCUyMTJpNzY4JTIxNGYxMy4xJTIxM20zJTIxMW0yJTIxMXMweDQ2OTI5MzdkYzJlNjllNDElMjUzQTB4NWE4Njg1NzAxODgxZDhhMCUyMTJzTW9uZG8lMkJNVCUyNUMzJTI1OUMlMjE1ZTAlMjEzbTIlMjExc2VuJTIxMnNlZSUyMTR2MTU1Mzg0Nzc0OTQ1NCUyMTVtMiUyMTFzZW4lMjEyc2VlJTIyJTIwd2lkdGglM0QlMjI2MDAlMjIlMjBoZWlnaHQlM0QlMjI0NTAlMjIlMjBmcmFtZWJvcmRlciUzRCUyMjAlMjIlMjBzdHlsZSUzRCUyMmJvcmRlciUzQTAlMjIlMjBhbGxvd2Z1bGxzY3JlZW4lM0UlM0MlMkZpZnJhbWUlM0U=&#8221;][\/vc_column][\/vc_row]<\/p>\n<\/div>","protected":false},"excerpt":{"rendered":"<p>[vc_row css=&#8221;.vc_custom_1450206789253{margin-bottom: 0px !important;background-color: #ffffff !important;}&#8221; el_class=&#8221;intro block&#8221;][vc_column][vc_column_text] RENTING THE SEMINAR ROOM [\/vc_column_text][\/vc_column][\/vc_row][vc_row css=&#8221;.vc_custom_1450271763140{margin-top: 0px !important;padding-bottom: 30px !important;background-color: #ffffff !important;}&#8221; el_class=&#8221;white text segment-intro&#8221;][vc_column width=&#8221;1\/2&#8243; css=&#8221;.vc_custom_1450228238677{padding-bottom: 1rem !important;}&#8221;][vc_column_text css=&#8221;&#8221;] The seminar room located at Mondo Global Education Centre in Telliskivi Creative City can be rented for meetings, trainings, and consultations at an affordable cost. The size [&hellip;]<\/p>\n","protected":false},"author":17,"featured_media":0,"parent":0,"menu_order":0,"comment_status":"closed","ping_status":"closed","template":"","meta":{"footnotes":""},"class_list":["post-10169","page","type-page","status-publish","hentry"],"_links":{"self":[{"href":"https:\/\/mondo.org.ee\/en\/wp-json\/wp\/v2\/pages\/10169","targetHints":{"allow":["GET"]}}],"collection":[{"href":"https:\/\/mondo.org.ee\/en\/wp-json\/wp\/v2\/pages"}],"about":[{"href":"https:\/\/mondo.org.ee\/en\/wp-json\/wp\/v2\/types\/page"}],"author":[{"embeddable":true,"href":"https:\/\/mondo.org.ee\/en\/wp-json\/wp\/v2\/users\/17"}],"replies":[{"embeddable":true,"href":"https:\/\/mondo.org.ee\/en\/wp-json\/wp\/v2\/comments?post=10169"}],"version-history":[{"count":3,"href":"https:\/\/mondo.org.ee\/en\/wp-json\/wp\/v2\/pages\/10169\/revisions"}],"predecessor-version":[{"id":46927,"href":"https:\/\/mondo.org.ee\/en\/wp-json\/wp\/v2\/pages\/10169\/revisions\/46927"}],"wp:attachment":[{"href":"https:\/\/mondo.org.ee\/en\/wp-json\/wp\/v2\/media?parent=10169"}],"curies":[{"name":"wp","href":"https:\/\/api.w.org\/{rel}","templated":true}]}}