{"id":44245,"date":"2025-01-16T00:50:02","date_gmt":"2025-01-15T22:50:02","guid":{"rendered":"https:\/\/mondo.org.ee\/?page_id=44245"},"modified":"2026-03-01T13:46:21","modified_gmt":"2026-03-01T11:46:21","slug":"armenia","status":"publish","type":"page","link":"https:\/\/mondo.org.ee\/en\/countries\/armenia\/","title":{"rendered":"Armenia"},"content":{"rendered":"<div class=\"wpb-content-wrapper\"><p>[vc_row css=&#8221;.vc_custom_1450206789253{margin-bottom: 0px !important;background-color: #ffffff !important;}&#8221; el_class=&#8221;intro block&#8221;][vc_column width=&#8221;1\/2&#8243;][vc_column_text css=&#8221;&#8221;]<\/p>\n<h1>Armenia<\/h1>\n<p>[\/vc_column_text][\/vc_column][vc_column width=&#8221;1\/2&#8243;][\/vc_column][\/vc_row][vc_row css=&#8221;.vc_custom_1670426103289{margin-top: 0px !important;padding-bottom: 0px !important;background-color: #ffffff !important;}&#8221; el_class=&#8221;white text segment-intro&#8221;][vc_column width=&#8221;1\/2&#8243; css=&#8221;.vc_custom_1450207036045{padding-right: 150px !important;padding-bottom: 1rem !important;}&#8221;][vc_column_text css=&#8221;&#8221;]<\/p>\n<h4>Mondo has been working in Armenia since 2024 to promote gender equality and strong civil society.<\/h4>\n<p>[\/vc_column_text][vc_wp_text]<span style=\"font-weight: 400\">Armenian society is strongly affected by years of conflict in the Nagorno-Karabakh region and the arrival of more than one hundred thousand refugees in 2023. Deeply rooted gender stereotypes outside major urban centers make the situation more difficult for women and limit their rights and participation in society. Armenia has a strong civil society that seeks to reduce social divisions and move towards democratic values and Europe.<\/span><\/p>\n<p><span style=\"font-weight: 400\">Together with Armenian civil society organisations, Mondo stands for women\u2019s rights and a strong civil society in the country. <\/span><span style=\"font-weight: 400\">Mondo\u2019s activities in Armenia have been supported by the Estonian Centre for International Development \u2013 ESTDEV and the EU.<\/span>[\/vc_wp_text][\/vc_column][vc_column width=&#8221;1\/2&#8243;][vc_single_image image=&#8221;45681&#8243; img_size=&#8221;large&#8221; css=&#8221;&#8221;][\/vc_column][\/vc_row][vc_row][vc_column][mon_news post_cats=&#8221;929880&#8243; read_more=&#8221;READ MORE&#8221; view_all_link=&#8221;url:https%3A%2F%2Fmondo.org.ee%2Fen%2Fnews%2F|title:VIEW%20ALL&#8221; max_posts=&#8221;4&#8243; max_years=&#8221;5&#8243;][\/vc_column][\/vc_row][vc_row css=&#8221;.vc_custom_1462362591467{background-color: #ffffff !important;}&#8221; el_class=&#8221;other-projects&#8221; el_id=&#8221;aktiivsed-projektid&#8221;][vc_column][mon_activities act_cats=&#8221;929878&#8243; loop=&#8221;size:All|order_by:date|post_type:activity&#8221; title=&#8221;Projects in Armenia&#8221; max_posts=&#8221;4&#8243;][\/vc_column][\/vc_row][vc_row css=&#8221;.vc_custom_1450209775094{background-color: #ffffff !important;}&#8221;][vc_column width=&#8221;1\/2&#8243;][vc_column_text css=&#8221;&#8221;]<\/p>\n<h2>Examples of Mondo\u2019s work in Armenia<\/h2>\n<p>[\/vc_column_text][vc_wp_text]<\/p>\n<h4>Equality through Education<\/h4>\n<p>Armenian women face significant challenges in achieving their rights. For example, women and girls spend 21.7% of their time on household work, while for men the figure is 4.4%. Gender stereotypes are particularly deeply rooted in the Shirak region.<br \/>\nIn cooperation with a local partner, Mondo provided teachers in the region with additional training on human rights, gender equality, bullying, and gender-based violence. In addition, we raised public awareness of the issue and its importance.[\/vc_wp_text][\/vc_column][vc_column width=&#8221;1\/2&#8243;][vc_single_image image=&#8221;45674&#8243; img_size=&#8221;large&#8221; css=&#8221;&#8221;][\/vc_column][\/vc_row][vc_row disable_element=&#8221;yes&#8221; css=&#8221;.vc_custom_1756824280307{background-color: #ffffff !important;}&#8221;][vc_column width=&#8221;1\/2&#8243;][vc_column_text]<\/p>\n<h2>mondo partnerid gruusias<\/h2>\n<p>[\/vc_column_text][vc_column_text]<\/p>\n<h4>Assotsiatsioon Merkuri<\/h4>\n<p>[\/vc_column_text][vc_wp_text]<a href=\"http:\/\/merkuri.org.ge\/en\/about-us\/\">Merkuri<\/a>\u00a0on 2004. aastal loodud MT\u00dc, mille peamine fookus on koduv\u00e4givalla vastane ennetust\u00f6\u00f6 peamiselt maapiirkonnas. Merkuri tegutseb Zugdidi linnas Samegrelo piirkonnas, mis asub vahetult Abhaasia piiri \u00e4\u00e4res.\u00a0Territoriaalsed pinged, sisep\u00f5genike suur hulk ning piirkonna majanduslik madalseis muudavad sealse elanikkonna ning ennek\u00f5ike naised eriti haavatavateks. Mondo alustas organisatsiooniga koost\u00f6\u00f6d 2017. aastal l\u00e4hetades piirkonda EU Aid Volunteers programmi raames vajalikke erialaspetsialiste. 2018. aastal avas Merkuri piirkonna ainsa naiste varjupaiga.[\/vc_wp_text][\/vc_column][vc_column width=&#8221;1\/2&#8243;][vc_single_image image=&#8221;40848&#8243; img_size=&#8221;large&#8221; add_caption=&#8221;yes&#8221;][vc_column_text]<\/p>\n<h4>World of Tolerance<\/h4>\n<p>[\/vc_column_text][vc_wp_text]<a href=\"http:\/\/worldoftolerance.tilda.ws\/\">World of Tolerance<\/a>\u00a0asutati 2014. aastal v\u00e4hemusrahvuste hulka kuuluvate noorte aktivistide poolt. Organisatsiooni missioon on aidata kaasa inim\u00f5igustel p\u00f5hineva kultuuriruumi arendamisele ja laienemisele Gruusias ning tolerantse ja mitmekesise \u00fchiskonna \u00fclesehitamine. Peamiselt teevad nad seda noorte suvekoolide kaudu. Mondo alustas World of Tolerance\u2019iga koost\u00f6\u00f6d 2023. aastal korraldades koos Gruusia esimesi arvamusfestivale.[\/vc_wp_text][\/vc_column][\/vc_row][vc_row disable_element=&#8221;yes&#8221;][vc_column][vc_column_text]<\/p>\n<h2>Heateokingitused<\/h2>\n<p>[\/vc_column_text]<div class=\"woocommerce columns-4 \"><div class=\"row shop-items\" data-equalizer><div class=\"first small-6 medium-3 columns item post-41556 product type-product status-publish has-post-thumbnail product_cat-charity-gifts  instock virtual purchasable product-type-simple\" data-equalizer-watch>\n\t<div class=\"hover-buttons\">\n\t\t<a class=\"button\" href=\"https:\/\/mondo.org.ee\/en\/pood\/heateokingitus-gruusia-naistele\/\">View item<\/a>\n\t\t\t\t\t\t\t  <\/a><a rel=\"nofollow\" href=\"\/en\/wp-json\/wp\/v2\/pages\/44245?add-to-cart=41556\" data-quantity=\"1\" data-product_id=\"41556\" data-product_sku=\"gruusiapadi\" class=\"button product_type_simple add_to_cart_button ajax_add_to_cart\">Add to cart<\/a>            <\/div>\n\t<a href=\"https:\/\/mondo.org.ee\/en\/pood\/heateokingitus-gruusia-naistele\/\">\n\t\t<div class=\"loop_img\">\n\t\t\t<img loading=\"lazy\" decoding=\"async\" width=\"300\" height=\"300\" src=\"https:\/\/mondo.org.ee\/wp-content\/uploads\/2016\/03\/naised-300x300.png\" class=\"attachment-woocommerce_thumbnail size-woocommerce_thumbnail\" alt=\"Legal consultancy for women in Georgia\" srcset=\"https:\/\/mondo.org.ee\/wp-content\/uploads\/2016\/03\/naised-300x300.png 300w, https:\/\/mondo.org.ee\/wp-content\/uploads\/2016\/03\/naised-150x150.png 150w, https:\/\/mondo.org.ee\/wp-content\/uploads\/2016\/03\/naised-400x400.png 400w, https:\/\/mondo.org.ee\/wp-content\/uploads\/2016\/03\/naised-210x210.png 210w, https:\/\/mondo.org.ee\/wp-content\/uploads\/2016\/03\/naised-260x260.png 260w, https:\/\/mondo.org.ee\/wp-content\/uploads\/2016\/03\/naised-100x100.png 100w\" sizes=\"auto, (max-width: 300px) 100vw, 300px\" \/>\t\t<\/div>\n<div class=\"loop_btm\">\n\t<p class=\"loop_title\">Legal consultancy for women in Georgia<\/p>\n\t\n\t<span class=\"price\"><span class=\"woocommerce-Price-amount amount\"><bdi>30,00<span class=\"woocommerce-Price-currencySymbol\">&euro;<\/span><\/bdi><\/span><\/span>\n<\/div>\n<\/a>\n<\/div>\n<\/div><\/div>[\/vc_column][\/vc_row]<\/p>\n<\/div>","protected":false},"excerpt":{"rendered":"<p>[vc_row css=&#8221;.vc_custom_1450206789253{margin-bottom: 0px !important;background-color: #ffffff !important;}&#8221; el_class=&#8221;intro block&#8221;][vc_column width=&#8221;1\/2&#8243;][vc_column_text css=&#8221;&#8221;] Armenia [\/vc_column_text][\/vc_column][vc_column width=&#8221;1\/2&#8243;][\/vc_column][\/vc_row][vc_row css=&#8221;.vc_custom_1670426103289{margin-top: 0px !important;padding-bottom: 0px !important;background-color: #ffffff !important;}&#8221; el_class=&#8221;white text segment-intro&#8221;][vc_column width=&#8221;1\/2&#8243; css=&#8221;.vc_custom_1450207036045{padding-right: 150px !important;padding-bottom: 1rem !important;}&#8221;][vc_column_text css=&#8221;&#8221;] Mondo has been working in Armenia since 2024 to promote gender equality and strong civil society. [\/vc_column_text][vc_wp_text]Armenian society is strongly affected by years of conflict [&hellip;]<\/p>\n","protected":false},"author":17,"featured_media":0,"parent":10017,"menu_order":0,"comment_status":"closed","ping_status":"closed","template":"","meta":{"footnotes":""},"class_list":["post-44245","page","type-page","status-publish","hentry"],"_links":{"self":[{"href":"https:\/\/mondo.org.ee\/en\/wp-json\/wp\/v2\/pages\/44245","targetHints":{"allow":["GET"]}}],"collection":[{"href":"https:\/\/mondo.org.ee\/en\/wp-json\/wp\/v2\/pages"}],"about":[{"href":"https:\/\/mondo.org.ee\/en\/wp-json\/wp\/v2\/types\/page"}],"author":[{"embeddable":true,"href":"https:\/\/mondo.org.ee\/en\/wp-json\/wp\/v2\/users\/17"}],"replies":[{"embeddable":true,"href":"https:\/\/mondo.org.ee\/en\/wp-json\/wp\/v2\/comments?post=44245"}],"version-history":[{"count":15,"href":"https:\/\/mondo.org.ee\/en\/wp-json\/wp\/v2\/pages\/44245\/revisions"}],"predecessor-version":[{"id":47063,"href":"https:\/\/mondo.org.ee\/en\/wp-json\/wp\/v2\/pages\/44245\/revisions\/47063"}],"up":[{"embeddable":true,"href":"https:\/\/mondo.org.ee\/en\/wp-json\/wp\/v2\/pages\/10017"}],"wp:attachment":[{"href":"https:\/\/mondo.org.ee\/en\/wp-json\/wp\/v2\/media?parent=44245"}],"curies":[{"name":"wp","href":"https:\/\/api.w.org\/{rel}","templated":true}]}}