{"id":41560,"date":"2018-08-22T16:26:08","date_gmt":"2018-08-22T14:26:08","guid":{"rendered":"https:\/\/mondo.org.ee\/pood\/heateokingitus-ukraina\/"},"modified":"2023-12-16T23:29:19","modified_gmt":"2023-12-16T21:29:19","slug":"heateokingitus-ukraina","status":"publish","type":"product","link":"https:\/\/mondo.org.ee\/en\/pood\/heateokingitus-ukraina\/","title":{"rendered":"A helping hand to Ukraine"},"content":{"rendered":"<div class=\"wpb-content-wrapper\"><p>[vc_row css=&#8221;.vc_custom_1450700865481{margin-bottom: 0px !important;background-color: #ffffff !important;}&#8221; el_class=&#8221;segment-intro intro&#8221;][vc_column width=&#8221;1\/4&#8243; css=&#8221;.vc_custom_1450706232059{padding-right: 0px !important;}&#8221;][vc_column_text]<\/p>\n<h1>Shop<\/h1>\n<p>[\/vc_column_text][\/vc_column][vc_column width=&#8221;3\/4&#8243; css=&#8221;.vc_custom_1450706228036{padding-left: 0px !important;}&#8221;][vc_wp_custommenu nav_menu=&#8221;156&#8243; el_class=&#8221;sub-menu&#8221;][\/vc_column][\/vc_row][vc_row css=&#8221;.vc_custom_1450696197812{margin-top: 0px !important;margin-bottom: 0px !important;background-color: #ffffff !important;}&#8221; el_class=&#8221;white text segment-intro&#8221;][vc_column width=&#8221;1\/2&#8243;][vc_column_text]<\/p>\n<h1>A helping hand to Ukraine<\/h1>\n<h4><span style=\"font-weight: 400;\">With this gift, you support the people of Ukraine who have suffered in the war. Your gift extends a helping hand, preventing war fatigue from taking hold, and ensuring people get the support they need.<\/span><\/h4>\n<p><span style=\"font-weight: 400;\">The war in Ukraine directly or indirectly affects every Ukrainian. Mondo uses donations to address the most pressing needs in Ukraine, such as creating shelters for internally displaced people, repairing school buildings, or providing mental health support.<\/span>[\/vc_column_text][mon_product_options][\/vc_column][vc_column width=&#8221;1\/2&#8243;][vc_single_image image=&#8221;41427&#8243; img_size=&#8221;large&#8221; alignment=&#8221;center&#8221;][\/vc_column][\/vc_row][vc_row disable_element=&#8221;yes&#8221;][vc_column width=&#8221;1\/2&#8243; css=&#8221;.vc_custom_1534949184622{background-image: url(https:\/\/mondo.org.ee\/wp-content\/uploads\/2018\/08\/hariduskingitus-ukrainale.jpg?id=17246) !important;background-position: center !important;background-repeat: no-repeat !important;background-size: cover !important;}&#8221; el_class=&#8221;person&#8221;][\/vc_column][vc_column width=&#8221;1\/2&#8243;][vc_column_text]Kam\u00f5\u0161\u00f5vaha p\u00f5hikool osaleb Mondo kriisipiirkonna haridusv\u00f5rgustiku t\u00f6\u00f6s juba mitmendat aastat ning kooli \u00f5petajad ja koolijuht l\u00e4bisid inim\u00f5iguste- ja maailmahariduse koolitusprogrammi. Koolijuht Elena Bogdanova k\u00e4is \u00f5ppevisiidil Eestis, mis andis tugeva praktilise v\u00e4\u00e4rtusega t\u00f5uke viia l\u00e4bi muutusi ka oma koolis. Koolis k\u00e4ivitati aktiivsed vahetunnid ja l\u00f5petati laste kasutamine vahetunnis korrapidajatena. Vahetunniruumi on paigaldatud kast, kuhu \u00f5pilased saavad kirjutada oma probleemidest. \u00d5petajad l\u00f5id heategevusliku fondi, mille raames nad saavad taotleda toetusi \u00fcrituste l\u00e4biviimiseks koolis.[\/vc_column_text][\/vc_column][\/vc_row][vc_row css=&#8221;.vc_custom_1450702165112{margin-top: 0px !important;background-color: #ffffff !important;}&#8221; el_class=&#8221;stats&#8221;][vc_column width=&#8221;1\/2&#8243;]<div id=\"canvas-holder\"><canvas id=\"chart-area\" width=\"350\" height=\"400\"\/><div id=\"chart-data\" class=\"hidden\"><p data-value=\"85\" data-color=\"#009548\" data-highlight=\"#2b71b7\">Amount that reaches the destination country<\/p><p data-value=\"15\" data-color=\"#7f4398\" data-highlight=\"#f2af1d\">Administrative fees<\/p><\/div><\/div> <div id=\"chartjs-tooltip\"><\/div>[vc_column_text]<\/p>\n<h5 style=\"text-align: center;\">85% of the donation goes directly into the destination country<\/h5>\n<p>[\/vc_column_text][\/vc_column][vc_column width=&#8221;1\/2&#8243;][vc_column_text]<\/p>\n<h5 style=\"text-align: center;\"><a href=\"https:\/\/mondo.org.ee\/en\/countries\/ukraine\/\" target=\"_blank\" rel=\"noopener\"><img loading=\"lazy\" decoding=\"async\" class=\"size-medium wp-image-7825 aligncenter\" src=\"https:\/\/mondo.org.ee\/wp-content\/uploads\/2016\/03\/Ukraina-kaart-300x300.png\" alt=\"Ukraina kaart\" width=\"300\" height=\"300\" srcset=\"https:\/\/mondo.org.ee\/wp-content\/uploads\/2016\/03\/Ukraina-kaart-300x300.png 300w, https:\/\/mondo.org.ee\/wp-content\/uploads\/2016\/03\/Ukraina-kaart-1024x1024.png 1024w, https:\/\/mondo.org.ee\/wp-content\/uploads\/2016\/03\/Ukraina-kaart-150x150.png 150w, https:\/\/mondo.org.ee\/wp-content\/uploads\/2016\/03\/Ukraina-kaart-768x768.png 768w, https:\/\/mondo.org.ee\/wp-content\/uploads\/2016\/03\/Ukraina-kaart-400x400.png 400w, https:\/\/mondo.org.ee\/wp-content\/uploads\/2016\/03\/Ukraina-kaart-210x210.png 210w, https:\/\/mondo.org.ee\/wp-content\/uploads\/2016\/03\/Ukraina-kaart-260x260.png 260w, https:\/\/mondo.org.ee\/wp-content\/uploads\/2016\/03\/Ukraina-kaart-600x600.png 600w, https:\/\/mondo.org.ee\/wp-content\/uploads\/2016\/03\/Ukraina-kaart-100x100.png 100w, https:\/\/mondo.org.ee\/wp-content\/uploads\/2016\/03\/Ukraina-kaart.png 1417w\" sizes=\"auto, (max-width: 300px) 100vw, 300px\" \/><\/a><\/h5>\n<h5 style=\"text-align: center;\">Read more about how Mondo is supporting Ukraine.<\/h5>\n<p>[\/vc_column_text][\/vc_column][\/vc_row]<\/p>\n<\/div>","protected":false},"excerpt":{"rendered":"<p><span style=\"font-weight: 400;\">With this gift, you support the people of Ukraine who have suffered in the war, ensuring people get the support they need.<\/span><\/p>\n","protected":false},"featured_media":41428,"template":"","meta":[],"product_brand":[],"product_cat":[2342,929837],"product_tag":[],"class_list":{"0":"post-41560","1":"product","2":"type-product","3":"status-publish","4":"has-post-thumbnail","6":"product_cat-charity-gifts","7":"product_cat-heateokingitused-haridusele-en","9":"first","10":"instock","11":"virtual","12":"purchasable","13":"product-type-simple"},"_links":{"self":[{"href":"https:\/\/mondo.org.ee\/en\/wp-json\/wp\/v2\/product\/41560","targetHints":{"allow":["GET"]}}],"collection":[{"href":"https:\/\/mondo.org.ee\/en\/wp-json\/wp\/v2\/product"}],"about":[{"href":"https:\/\/mondo.org.ee\/en\/wp-json\/wp\/v2\/types\/product"}],"wp:featuredmedia":[{"embeddable":true,"href":"https:\/\/mondo.org.ee\/en\/wp-json\/wp\/v2\/media\/41428"}],"wp:attachment":[{"href":"https:\/\/mondo.org.ee\/en\/wp-json\/wp\/v2\/media?parent=41560"}],"wp:term":[{"taxonomy":"product_brand","embeddable":true,"href":"https:\/\/mondo.org.ee\/en\/wp-json\/wp\/v2\/product_brand?post=41560"},{"taxonomy":"product_cat","embeddable":true,"href":"https:\/\/mondo.org.ee\/en\/wp-json\/wp\/v2\/product_cat?post=41560"},{"taxonomy":"product_tag","embeddable":true,"href":"https:\/\/mondo.org.ee\/en\/wp-json\/wp\/v2\/product_tag?post=41560"}],"curies":[{"name":"wp","href":"https:\/\/api.w.org\/{rel}","templated":true}]}}