{"id":43377,"date":"2024-09-19T14:31:04","date_gmt":"2024-09-19T11:31:04","guid":{"rendered":"https:\/\/mondo.org.ee\/?page_id=43377"},"modified":"2025-03-18T13:52:53","modified_gmt":"2025-03-18T11:52:53","slug":"activities-in-estonia","status":"publish","type":"page","link":"https:\/\/mondo.org.ee\/uk\/activities-in-estonia\/","title":{"rendered":"\u0414\u0456\u044f\u043b\u044c\u043d\u0456\u0441\u0442\u044c \u0432 \u0415\u0441\u0442\u043e\u043d\u0456\u0457"},"content":{"rendered":"<div class=\"wpb-content-wrapper\"><p>[vc_row][vc_column][vc_column_text css=&#8221;&#8221;]<\/p>\n<h1>\u0414\u0456\u044f\u043b\u044c\u043d\u0456\u0441\u0442\u044c \u0434\u043b\u044f \u0443\u043a\u0440\u0430\u0457\u043d\u0441\u044c\u043a\u0438\u0445 \u0431\u0456\u0436\u0435\u043d\u0446\u0456\u0432 \u0432 \u0415\u0441\u0442\u043e\u043d\u0456\u0457<\/h1>\n<p>[\/vc_column_text][\/vc_column][\/vc_row][vc_row disable_element=&#8221;yes&#8221;][vc_column width=&#8221;1\/2&#8243;][vc_wp_text title=&#8221;\u0413\u0443\u0440\u0442\u043e\u043a \u00ab\u0426\u0438\u0444\u0440\u043e\u0432\u0430 \u0433\u0440\u0430\u043c\u043e\u0442\u043d\u0456\u0441\u0442\u044c \u0442\u0430 \u0434\u0438\u0437\u0430\u0439\u043d\u00bb&#8221;]<span style=\"font-weight: 400;\">\u0412\u0438\u0432\u0447\u0430\u0439\u0442\u0435 \u043a\u043e\u043c\u043f&#8217;\u044e\u0442\u0435\u0440\u043d\u0456 \u043d\u0430\u0432\u0438\u0447\u043a\u0438, \u044f\u043a\u0456 \u0434\u043e\u043f\u043e\u043c\u043e\u0436\u0443\u0442\u044c \u0432\u0430\u043c \u0443 \u0432\u0438\u043a\u043e\u043d\u0430\u043d\u043d\u0456 \u0448\u043a\u0456\u043b\u044c\u043d\u0438\u0445 \u043f\u0440\u043e\u0454\u043a\u0442\u0456\u0432 \u0442\u0430 \u043f\u043e\u0432\u0441\u044f\u043a\u0434\u0435\u043d\u043d\u0438\u0445 \u0437\u0430\u0432\u0434\u0430\u043d\u044c! \u041d\u0430\u043f\u0440\u0438\u043a\u0456\u043d\u0446\u0456 \u043a\u0443\u0440\u0441\u0443 \u0432\u0438 \u0437\u043c\u043e\u0436\u0435\u0442\u0435 \u043f\u043e\u0454\u0434\u043d\u0443\u0432\u0430\u0442\u0438 \u0442\u0435\u0445\u043d\u0456\u0447\u043d\u0456 \u043d\u0430\u0432\u0438\u0447\u043a\u0438 \u0437 \u0442\u0432\u043e\u0440\u0447\u0456\u0441\u0442\u044e.<\/span><\/p>\n<ul>\n<li style=\"font-weight: 400;\" aria-level=\"1\"><span style=\"font-weight: 400;\">\u0414\u043b\u044f \u043a\u043e\u0433\u043e? \u0414\u043b\u044f \u0443\u0447\u043d\u0456\u0432 5-9 \u043a\u043b\u0430\u0441\u0456\u0432. \u0414\u0438\u0432\u0456\u0442\u044c\u0441\u044f, \u0449\u043e\u0431 \u0434\u0456\u0437\u043d\u0430\u0442\u0438\u0441\u044f, \u0434\u043b\u044f \u044f\u043a\u0438\u0445 \u043a\u043b\u0430\u0441\u0456\u0432 \u0454 \u043a\u0443\u0440\u0441 \u0443 \u0432\u0430\u0448\u0456\u0439 \u0448\u043a\u043e\u043b\u0456.<\/span><\/li>\n<li style=\"font-weight: 400;\" aria-level=\"1\"><span style=\"font-weight: 400;\">\u0427\u043e\u043c\u0443 \u0442\u0438 \u043d\u0430\u0432\u0447\u0438\u0448\u0441\u044f? \u0411\u0430\u0433\u0430\u0442\u044c\u043e\u043c \u043a\u043e\u0440\u0438\u0441\u043d\u0438\u043c \u0440\u0435\u0447\u0430\u043c: \u0432\u0456\u0434 \u043e\u0440\u0433\u0430\u043d\u0456\u0437\u0430\u0446\u0456\u0457 \u0444\u0430\u0439\u043b\u0456\u0432 \u0434\u043e \u0432\u0438\u043a\u043e\u0440\u0438\u0441\u0442\u0430\u043d\u043d\u044f \u0435\u043b\u0435\u043a\u0442\u0440\u043e\u043d\u043d\u043e\u0457 \u043f\u043e\u0448\u0442\u0438 \u0442\u0430 \u0445\u043c\u0430\u0440\u043d\u0438\u0445 \u0441\u0435\u0440\u0432\u0456\u0441\u0456\u0432, \u0442\u0430\u043a\u0438\u0445 \u044f\u043a Google Drive. \u0406 \u0432\u0441\u0435 \u0446\u0435 \u043f\u0456\u0434 \u0447\u0430\u0441 \u0437\u0430\u043d\u0443\u0440\u0435\u043d\u043d\u044f \u0443 \u0441\u0432\u0456\u0442 \u0446\u0438\u0444\u0440\u043e\u0432\u043e\u0433\u043e \u0434\u0438\u0437\u0430\u0439\u043d\u0443! \u0421\u0442\u0432\u043e\u0440\u044e\u0439\u0442\u0435 \u043f\u043b\u0430\u043a\u0430\u0442\u0438, \u0444\u043b\u0430\u0454\u0440\u0438 \u0442\u0430 \u043b\u043e\u0433\u043e\u0442\u0438\u043f\u0438 \u0437\u0430 \u0434\u043e\u043f\u043e\u043c\u043e\u0433\u043e\u044e \u0442\u0430\u043a\u0438\u0445 \u0456\u043d\u0441\u0442\u0440\u0443\u043c\u0435\u043d\u0442\u0456\u0432, \u044f\u043a Canva, Photoshop \u0430\u0431\u043e Illustrator.<\/span><\/li>\n<\/ul>\n<p><b>\u041f\u0440\u0438\u0433\u043e\u0442\u0443\u0439\u0442\u0435\u0441\u044f \u0432\u0456\u0434\u043a\u0440\u0438\u0442\u0438 \u0434\u043b\u044f \u0441\u0435\u0431\u0435 \u0446\u0456\u043a\u0430\u0432\u0443 \u0441\u0442\u043e\u0440\u043e\u043d\u0443 \u0442\u0435\u0445\u043d\u043e\u043b\u043e\u0433\u0456\u0439!<\/b><\/p>\n<p><a class=\"button yellow\" href=\"https:\/\/forms.gle\/7kd2wGWk4kEK5Vu98\">S\u00fcdalinna kool<\/a> <a class=\"button yellow\" href=\"https:\/\/forms.gle\/qBmL9Tnhhd33fEzc7\">Tallinna Kunstig\u00fcmnaasium<\/a> <a class=\"button yellow\" href=\"https:\/\/vabaduse.ope.ee\/registreeri\/133\">Vabaduse Kool<\/a> <a class=\"button yellow\" href=\"https:\/\/forms.gle\/btERYT4NfWRkEcfWA\">R\u00e4\u00e4gu Kool<\/a><\/p>\n<p><span style=\"font-weight: 400;\">Huviring \u201eDigip\u00e4devus ja -disain\u201c\u00a0<\/span><\/p>\n<p><span style=\"font-weight: 400;\">\u00d5pi arvutioskusi, mis aitavad sind kooliprojektide ja igap\u00e4evaste \u00fclesannete t\u00e4itmisel! Kursuse l\u00f5puks suudad \u00fchendada tehnilised oskused loovusega.\u00a0<\/span><\/p>\n<ul>\n<li style=\"font-weight: 400;\" aria-level=\"1\"><span style=\"font-weight: 400;\">Kellele? 5.-9. klasside \u00f5pilastele. Vaata lingilt, millistele klassidele toimub huviring sinu koolis.\u00a0<\/span><\/li>\n<li style=\"font-weight: 400;\" aria-level=\"1\"><span style=\"font-weight: 400;\">Mida ringis \u00f5pid? K\u00f5ike, alates failide organiseerimisest, e-posti kasutamisest ja pilveteenustest, n\u00e4iteks Google Drive&#8217;ist. Samal ajal sukeldud digitaalse disaini maailma! Lood plakateid, flaiereid ja logosid, kasutades vahendeid nagu Canva, Photoshop v\u00f5i Illustrator.\u00a0<\/span><\/li>\n<\/ul>\n<p><b>Ole valmis avastama tehnoloogia l\u00f5busat k\u00fclge!<\/b>[\/vc_wp_text][\/vc_column][vc_column width=&#8221;1\/2&#8243;][vc_single_image image=&#8221;43995&#8243; img_size=&#8221;large&#8221; css=&#8221;&#8221;][\/vc_column][\/vc_row][vc_row disable_element=&#8221;yes&#8221;][vc_column width=&#8221;1\/2&#8243;][vc_wp_text title=&#8221;\u0411\u0435\u0437\u043a\u043e\u0448\u0442\u043e\u0432\u043d\u0430 \u043f\u0441\u0438\u0445\u043e\u043b\u043e\u0433\u0456\u0447\u043d\u0430 \u0434\u043e\u043f\u043e\u043c\u043e\u0433\u0430 \u043e\u043d\u043b\u0430\u0439\u043d&#8221;]\u042f\u043a \u043f\u043e\u0447\u0443\u0432\u0430\u0454\u0442\u0435\u0441\u044c? \u041e\u0442\u0440\u0438\u043c\u0430\u0439\u0442\u0435 \u0431\u0435\u0437\u043a\u043e\u0448\u0442\u043e\u0432\u043d\u0443 \u043f\u0441\u0438\u0445\u043e\u043b\u043e\u0433\u0456\u0447\u043d\u0443 \u0434\u043e\u043f\u043e\u043c\u043e\u0433\u0443 \u0432\u0456\u0434 \u043d\u0430\u0439\u043a\u0440\u0430\u0449\u0438\u0445 \u0443\u043a\u0440\u0430\u0457\u043d\u0441\u044c\u043a\u0438\u0445 \u0444\u0430\u0445\u0456\u0432\u0446\u0456\u0432. \u041d\u0430\u0448\u0456 \u043e\u043d\u043b\u0430\u0439\u043d \u043a\u043e\u043d\u0441\u0443\u043b\u044c\u0442\u0430\u0446\u0456\u0457 \u043f\u0440\u0438\u0437\u043d\u0430\u0447\u0435\u043d\u0456 \u0441\u043f\u0435\u0446\u0456\u0430\u043b\u044c\u043d\u043e \u0434\u043b\u044f \u0443\u043a\u0440\u0430\u0457\u043d\u0441\u044c\u043a\u0438\u0445 \u0431\u0456\u0436\u0435\u043d\u0446\u0456\u0432 \u0432 \u0415\u0441\u0442\u043e\u043d\u0456\u0457.<\/p>\n<p><a href=\"https:\/\/documental.ee\/\" target=\"_blank\" rel=\"noopener\">documental.ee<\/a>[\/vc_wp_text][\/vc_column][vc_column width=&#8221;1\/2&#8243;][vc_single_image image=&#8221;43430&#8243; img_size=&#8221;large&#8221; css=&#8221;&#8221;][\/vc_column][\/vc_row][vc_row disable_element=&#8221;yes&#8221;][vc_column width=&#8221;1\/2&#8243;][vc_wp_text title=&#8221;\u0411\u0435\u0437\u043a\u043e\u0448\u0442\u043e\u0432\u043d\u0456 \u0442\u0440\u0435\u043d\u0456\u043d\u0433\u0438 \u0437 \u043f\u0456\u0434\u0432\u0438\u0449\u0435\u043d\u043d\u044f \u0446\u0438\u0444\u0440\u043e\u0432\u043e\u0457 \u043a\u043e\u043c\u043f\u0435\u0442\u0435\u043d\u0442\u043d\u043e\u0441\u0442\u0456 \u0434\u043b\u044f \u0443\u043a\u0440\u0430\u0457\u043d\u0441\u044c\u043a\u0438\u0445 \u0431\u0456\u0436\u0435\u043d\u0446\u0456\u0432 \u0432 \u0415\u0441\u0442\u043e\u043d\u0456\u0457&#8221;]Mondo \u043f\u0440\u043e\u043f\u043e\u043d\u0443\u0454 \u0443\u043a\u0440\u0430\u0457\u043d\u0441\u044c\u043a\u0438\u043c \u0431\u0456\u0436\u0435\u043d\u0446\u044f\u043c \u0432 \u0415\u0441\u0442\u043e\u043d\u0456\u0457 \u0431\u0435\u0437\u043a\u043e\u0448\u0442\u043e\u0432\u043d\u0456 \u0442\u0440\u0435\u043d\u0456\u043d\u0433\u0438 \u0434\u043b\u044f \u043f\u043e\u043a\u0440\u0430\u0449\u0435\u043d\u043d\u044f \u0457\u0445\u043d\u0456\u0445 \u0446\u0438\u0444\u0440\u043e\u0432\u0438\u0445 \u043d\u0430\u0432\u0438\u0447\u043e\u043a \u0456 \u043d\u0430\u043b\u0435\u0436\u043d\u043e\u0457 \u0430\u0434\u0430\u043f\u0442\u0430\u0446\u0456\u0457 \u0434\u043b\u044f \u043e\u0442\u0440\u0438\u043c\u0430\u043d\u043d\u044f \u043d\u0435\u043e\u0431\u0445\u0456\u0434\u043d\u0438\u0445 \u043f\u043e\u0441\u043b\u0443\u0433 \u0435\u0441\u0442\u043e\u043d\u0441\u044c\u043a\u043e\u0433\u043e \u0435\u043b\u0435\u043a\u0442\u0440\u043e\u043d\u043d\u043e\u0433\u043e \u0443\u0440\u044f\u0434\u0443.<\/p>\n<p><a href=\"https:\/\/mondo.org.ee\/uk\/digi\/\" target=\"_blank\" rel=\"noopener\">mondo.org.ee\/uk\/digi<\/a>[\/vc_wp_text][\/vc_column][vc_column width=&#8221;1\/2&#8243;][vc_single_image image=&#8221;41836&#8243; img_size=&#8221;large&#8221; css=&#8221;&#8221;][\/vc_column][\/vc_row][vc_row][vc_column width=&#8221;1\/2&#8243;][vc_wp_text title=&#8221;\u0423\u043a\u0440\u0430\u0457\u043d\u0441\u044c\u043a\u0430 \u0410\u043a\u0430\u0434\u0435\u043c\u0456\u044f Mondo&#8221;]\u041c\u0456\u0441\u0456\u044f \u0423\u043a\u0440\u0430\u0457\u043d\u0441\u044c\u043a\u043e\u0457 \u0430\u043a\u0430\u0434\u0435\u043c\u0456\u0457 Mondo \u043f\u043e\u043b\u044f\u0433\u0430\u0454 \u0432 \u0440\u043e\u0437\u0432&#8217;\u044f\u0437\u0430\u043d\u043d\u0456 \u0443\u043d\u0456\u043a\u0430\u043b\u044c\u043d\u0438\u0445 \u043f\u0440\u043e\u0431\u043b\u0435\u043c, \u0456\u0437 \u044f\u043a\u0438\u043c\u0438 \u0441\u0442\u0438\u043a\u0430\u044e\u0442\u044c\u0441\u044f \u0443\u043a\u0440\u0430\u0457\u043d\u0441\u044c\u043a\u0456 \u0443\u0447\u043d\u0456 \u0442\u0430 \u0432\u0447\u0438\u0442\u0435\u043b\u0456 \u0432 \u0435\u0441\u0442\u043e\u043d\u0441\u044c\u043a\u0438\u0445 \u0448\u043a\u043e\u043b\u0430\u0445, \u0434\u043b\u044f \u0437\u0430\u0431\u0435\u0437\u043f\u0435\u0447\u0435\u043d\u043d\u044f \u043d\u0435\u0439\u043c\u043e\u0432\u0456\u0440\u043d\u043e \u0432\u0430\u0436\u043b\u0438\u0432\u043e\u0433\u043e \u0437\u0432&#8217;\u044f\u0437\u043a\u0443 \u043c\u0456\u0436 \u0440\u0456\u0437\u043d\u043e\u043c\u0430\u043d\u0456\u0442\u043d\u0438\u043c\u0438 \u0435\u043b\u0435\u043c\u0435\u043d\u0442\u0430\u043c\u0438 \u043e\u0441\u0432\u0456\u0442\u043d\u0456\u0445 \u0441\u0438\u0441\u0442\u0435\u043c \u0415\u0441\u0442\u043e\u043d\u0456\u0457 \u0442\u0430 \u0423\u043a\u0440\u0430\u0457\u043d\u0438.<\/p>\n<p><a href=\"https:\/\/maailmakool.ee\/ru\/ukrainskaya-akademiya-mondo\/\" target=\"_blank\" rel=\"noopener\">maailmakool.ee\/ru\/ukrainskaya-akademiya-mondo<\/a>[\/vc_wp_text][\/vc_column][vc_column width=&#8221;1\/2&#8243;][vc_single_image image=&#8221;43398&#8243; img_size=&#8221;large&#8221; css=&#8221;&#8221;][\/vc_column][\/vc_row]<\/p>\n<\/div>","protected":false},"excerpt":{"rendered":"<p>[vc_row][vc_column][vc_column_text css=&#8221;&#8221;] \u0414\u0456\u044f\u043b\u044c\u043d\u0456\u0441\u0442\u044c \u0434\u043b\u044f \u0443\u043a\u0440\u0430\u0457\u043d\u0441\u044c\u043a\u0438\u0445 \u0431\u0456\u0436\u0435\u043d\u0446\u0456\u0432 \u0432 \u0415\u0441\u0442\u043e\u043d\u0456\u0457 [\/vc_column_text][\/vc_column][\/vc_row][vc_row disable_element=&#8221;yes&#8221;][vc_column width=&#8221;1\/2&#8243;][vc_wp_text title=&#8221;\u0413\u0443\u0440\u0442\u043e\u043a \u00ab\u0426\u0438\u0444\u0440\u043e\u0432\u0430 \u0433\u0440\u0430\u043c\u043e\u0442\u043d\u0456\u0441\u0442\u044c \u0442\u0430 \u0434\u0438\u0437\u0430\u0439\u043d\u00bb&#8221;]\u0412\u0438\u0432\u0447\u0430\u0439\u0442\u0435 \u043a\u043e\u043c\u043f&#8217;\u044e\u0442\u0435\u0440\u043d\u0456 \u043d\u0430\u0432\u0438\u0447\u043a\u0438, \u044f\u043a\u0456 \u0434\u043e\u043f\u043e\u043c\u043e\u0436\u0443\u0442\u044c \u0432\u0430\u043c \u0443 \u0432\u0438\u043a\u043e\u043d\u0430\u043d\u043d\u0456 \u0448\u043a\u0456\u043b\u044c\u043d\u0438\u0445 \u043f\u0440\u043e\u0454\u043a\u0442\u0456\u0432 \u0442\u0430 \u043f\u043e\u0432\u0441\u044f\u043a\u0434\u0435\u043d\u043d\u0438\u0445 \u0437\u0430\u0432\u0434\u0430\u043d\u044c! \u041d\u0430\u043f\u0440\u0438\u043a\u0456\u043d\u0446\u0456 \u043a\u0443\u0440\u0441\u0443 \u0432\u0438 \u0437\u043c\u043e\u0436\u0435\u0442\u0435 \u043f\u043e\u0454\u0434\u043d\u0443\u0432\u0430\u0442\u0438 \u0442\u0435\u0445\u043d\u0456\u0447\u043d\u0456 \u043d\u0430\u0432\u0438\u0447\u043a\u0438 \u0437 \u0442\u0432\u043e\u0440\u0447\u0456\u0441\u0442\u044e. \u0414\u043b\u044f \u043a\u043e\u0433\u043e? \u0414\u043b\u044f \u0443\u0447\u043d\u0456\u0432 5-9 \u043a\u043b\u0430\u0441\u0456\u0432. \u0414\u0438\u0432\u0456\u0442\u044c\u0441\u044f, \u0449\u043e\u0431 \u0434\u0456\u0437\u043d\u0430\u0442\u0438\u0441\u044f, \u0434\u043b\u044f \u044f\u043a\u0438\u0445 \u043a\u043b\u0430\u0441\u0456\u0432 \u0454 \u043a\u0443\u0440\u0441 \u0443 \u0432\u0430\u0448\u0456\u0439 \u0448\u043a\u043e\u043b\u0456. \u0427\u043e\u043c\u0443 [&hellip;]<\/p>\n","protected":false},"author":17,"featured_media":0,"parent":0,"menu_order":0,"comment_status":"closed","ping_status":"closed","template":"","meta":{"footnotes":""},"class_list":["post-43377","page","type-page","status-publish","hentry"],"_links":{"self":[{"href":"https:\/\/mondo.org.ee\/uk\/wp-json\/wp\/v2\/pages\/43377","targetHints":{"allow":["GET"]}}],"collection":[{"href":"https:\/\/mondo.org.ee\/uk\/wp-json\/wp\/v2\/pages"}],"about":[{"href":"https:\/\/mondo.org.ee\/uk\/wp-json\/wp\/v2\/types\/page"}],"author":[{"embeddable":true,"href":"https:\/\/mondo.org.ee\/uk\/wp-json\/wp\/v2\/users\/17"}],"replies":[{"embeddable":true,"href":"https:\/\/mondo.org.ee\/uk\/wp-json\/wp\/v2\/comments?post=43377"}],"version-history":[{"count":16,"href":"https:\/\/mondo.org.ee\/uk\/wp-json\/wp\/v2\/pages\/43377\/revisions"}],"predecessor-version":[{"id":44577,"href":"https:\/\/mondo.org.ee\/uk\/wp-json\/wp\/v2\/pages\/43377\/revisions\/44577"}],"wp:attachment":[{"href":"https:\/\/mondo.org.ee\/uk\/wp-json\/wp\/v2\/media?parent=43377"}],"curies":[{"name":"wp","href":"https:\/\/api.w.org\/{rel}","templated":true}]}}